{"id":11,"date":"2018-01-17T23:37:18","date_gmt":"2018-01-17T23:37:18","guid":{"rendered":"https:\/\/fermi-sces2025.grenoble.cnrs.fr\/?page_id=11"},"modified":"2025-02-13T11:24:12","modified_gmt":"2025-02-13T11:24:12","slug":"invited-speakers","status":"publish","type":"page","link":"https:\/\/fermi-sces2025.grenoble.cnrs.fr\/index.php\/invited-speakers\/","title":{"rendered":"Lecturers"},"content":{"rendered":"\n<figure class=\"wp-block-table\"><table><tbody><tr><td>Anna<\/td><td>B\u00f6hmer<\/td><td>RUB Bochum<\/td><td>Germany<\/td><\/tr><tr><td>Jean Pascal<\/td><td>Brison&nbsp;<\/td><td>CEA Grenoble<\/td><td>France<\/td><\/tr><tr><td>Elena<\/td><td>Hassinger<\/td><td>&nbsp;MPI &#8211; CPfS &amp; TU M\u00fcnchen<\/td><td>Germany<\/td><\/tr><tr><td>Cornelius<\/td><td>Krellner<\/td><td>Universit\u00e4t Frankfurt <\/td><td>Germany<\/td><\/tr><tr><td>Marie Bernadette<\/td><td>Lepetit&nbsp;<\/td><td>Institut N\u00e9el, Grenoble  &nbsp;<\/td><td>France<\/td><\/tr><tr><td>Mathieu <\/td><td>Le Tacon<\/td><td>KIT Karlsruhe<\/td><td>Germany<\/td><\/tr><tr><td>Alix<\/td><td>McCollam<\/td><td>University College Cork<\/td><td>Ireland<\/td><\/tr><tr><td>Eva<\/td><td>Pavarini<\/td><td>Forschungszentrum<br>J\u00fclich GmbH<\/td><td>Germany<\/td><\/tr><tr><td>St\u00e9phane <\/td><td>Raymond<\/td><td>CEA Grenoble<\/td><td>France<\/td><\/tr><tr><td>Peter <\/td><td>Riseborough<\/td><td>Temple university<\/td><td>USA<\/td><\/tr><tr><td>J\u00f6rg<\/td><td>Schmalian<\/td><td>KIT Karlsruhe<\/td><td>Germany<\/td><\/tr><tr><td>Hermann&nbsp;<\/td><td>Suderow&nbsp;<\/td><td>Universiad Autonoma, Madrid<\/td><td>Spain<\/td><\/tr><tr><td>Sophie<\/td><td>Tenc\u00e9<\/td><td>Universit\u00e9 de Bordeaux<\/td><td>France<\/td><\/tr><tr><td>Dirk<\/td><td>Van Der Marel<\/td><td>Universit\u00e9 de Gen\u00e8ve<\/td><td>Switzerland<\/td><\/tr><tr><td>Maria-Roser <\/td><td>Valenti<\/td><td>Universit\u00e4t Frankfurt<\/td><td>Germany<\/td><\/tr><tr><td>Denis<\/td><td>Vyalikh<\/td><td>San Sebastian <\/td><td>Spain<\/td><\/tr><\/tbody><\/table><\/figure>\n\n\n\n<p><\/p>\n","protected":false},"excerpt":{"rendered":"<p>Anna B\u00f6hmer RUB Bochum Germany Jean Pascal Brison&nbsp; CEA Grenoble France Elena Hassinger &nbsp;MPI &#8211; CPfS &amp; TU M\u00fcnchen Germany Cornelius Krellner Universit\u00e4t Frankfurt Germany Marie Bernadette Lepetit&nbsp; Institut N\u00e9el, Grenoble &nbsp; France Mathieu Le Tacon KIT Karlsruhe Germany Alix &hellip; <a href=\"https:\/\/fermi-sces2025.grenoble.cnrs.fr\/index.php\/invited-speakers\/\">Continuer la lecture <span class=\"meta-nav\">&rarr;<\/span><\/a><\/p>\n","protected":false},"author":4,"featured_media":0,"parent":0,"menu_order":0,"comment_status":"closed","ping_status":"closed","template":"","meta":{"footnotes":""},"class_list":["post-11","page","type-page","status-publish","hentry"],"_links":{"self":[{"href":"https:\/\/fermi-sces2025.grenoble.cnrs.fr\/index.php\/wp-json\/wp\/v2\/pages\/11","targetHints":{"allow":["GET"]}}],"collection":[{"href":"https:\/\/fermi-sces2025.grenoble.cnrs.fr\/index.php\/wp-json\/wp\/v2\/pages"}],"about":[{"href":"https:\/\/fermi-sces2025.grenoble.cnrs.fr\/index.php\/wp-json\/wp\/v2\/types\/page"}],"author":[{"embeddable":true,"href":"https:\/\/fermi-sces2025.grenoble.cnrs.fr\/index.php\/wp-json\/wp\/v2\/users\/4"}],"replies":[{"embeddable":true,"href":"https:\/\/fermi-sces2025.grenoble.cnrs.fr\/index.php\/wp-json\/wp\/v2\/comments?post=11"}],"version-history":[{"count":49,"href":"https:\/\/fermi-sces2025.grenoble.cnrs.fr\/index.php\/wp-json\/wp\/v2\/pages\/11\/revisions"}],"predecessor-version":[{"id":705,"href":"https:\/\/fermi-sces2025.grenoble.cnrs.fr\/index.php\/wp-json\/wp\/v2\/pages\/11\/revisions\/705"}],"wp:attachment":[{"href":"https:\/\/fermi-sces2025.grenoble.cnrs.fr\/index.php\/wp-json\/wp\/v2\/media?parent=11"}],"curies":[{"name":"wp","href":"https:\/\/api.w.org\/{rel}","templated":true}]}}